{"id":4592,"date":"2023-03-21T11:15:07","date_gmt":"2023-03-21T09:15:07","guid":{"rendered":"https:\/\/yrityksille.kokemuksia.fi\/asiakastarinat\/"},"modified":"2025-06-18T12:42:24","modified_gmt":"2025-06-18T09:42:24","slug":"customer-stories","status":"publish","type":"page","link":"https:\/\/yrityksille.kokemuksia.fi\/en\/customer-stories\/","title":{"rendered":"Customer Stories"},"content":{"rendered":"<div class=\"wp-bootstrap-blocks-container container mb-2\">\n\t\n<div class=\"wp-bootstrap-blocks-row row section-hero-compact gx-3 align-items-center\">\n\t\n\n<div class=\"col-12 col-md-6\">\n\t\t\t\n<h1 class=\"wp-block-heading\" id=\"a-powerful-way-to-build-trust-in-your-brand\">A powerful way to build trust in your brand<\/h1>\n\n\n<p class=\"lead\">Customer stories evoke emotion, help you stand out from the competition, and improve your search engine visibility \u2014 all while showcasing real results through real people.<\/p>\n\n\t<\/div>\n\n\n\n<div class=\"col-12 col-md-6\">\n\t\t\t\n<div class=\"wp-block-image\">\n<figure class=\"aligncenter size-large\"><img fetchpriority=\"high\" decoding=\"async\" width=\"950\" height=\"1024\" src=\"https:\/\/yrityksille.kokemuksia.fi\/wp-content\/uploads\/2023\/04\/asiakastarinat-1-950x1024.png\" alt=\"\" class=\"wp-image-978\" srcset=\"https:\/\/yrityksille.kokemuksia.fi\/wp-content\/uploads\/2023\/04\/asiakastarinat-1-950x1024.png 950w, https:\/\/yrityksille.kokemuksia.fi\/wp-content\/uploads\/2023\/04\/asiakastarinat-1-278x300.png 278w, https:\/\/yrityksille.kokemuksia.fi\/wp-content\/uploads\/2023\/04\/asiakastarinat-1-768x828.png 768w, https:\/\/yrityksille.kokemuksia.fi\/wp-content\/uploads\/2023\/04\/asiakastarinat-1.png 1165w\" sizes=\"(max-width: 950px) 100vw, 950px\" \/><\/figure>\n<\/div>\n\t<\/div>\n\n<\/div>\n\n<\/div>\n\n\n<div class=\"wp-bootstrap-blocks-container container mb-2 bg-grey\">\n\t\n<div class=\"wp-bootstrap-blocks-row row\">\n\t\n\n<div class=\"col-12 col-md-2\">\n\t\t\t\t<\/div>\n\n\n\n<div class=\"col-12 col-md-8\">\n\t\t\t\n<h2 class=\"wp-block-heading has-text-align-center\" id=\"five-solid-reasons-to-use-customer-stories-in-your-marketing\">Five solid reasons to use customer stories in your marketing:<\/h2>\n\t<\/div>\n\n\n\n<div class=\"col-12 col-md-2\">\n\t\t\t\t<\/div>\n\n<\/div>\n\n\n<div class=\"wp-bootstrap-blocks-row row\">\n\t\n\n<div class=\"col-12 col-md-6\">\n\t\t\t\n\n<ul class=\"wp-block-list\">\n<li><strong>Build trust: <\/strong>Customer stories are proof that your product or service works. They increase trust in your brand through authentic experiences.<\/li>\n\n\n\n<li><strong>Social proof<\/strong>: When potential customers see others benefiting from your offering, it creates social validation and can tip the scale toward a buying decision.<\/li>\n\n\n\n<li><strong>Relatability:<\/strong> Customer stories are personal. They help people connect with your brand by identifying with the person in the story \u2014 and understanding how your product or service could help them too.<\/li>\n<\/ul>\n\n\t<\/div>\n\n\n\n<div class=\"col-12 col-md-6\">\n\t\t\t\n\n<ul class=\"wp-block-list\">\n<li><strong>Stand out from the competition:<\/strong> Good stories bring personality and real people to your brand, helping you differentiate yourself from competitors.<\/li>\n\n\n\n<li><strong>SEO benefits:<\/strong> Customer stories support your search engine visibility. They naturally contain relevant keywords and tend to perform well in search results \u2014 especially video content.<\/li>\n<\/ul>\n\n\t<\/div>\n\n<\/div>\n\n<\/div>\n\n\n<div class=\"wp-bootstrap-blocks-row row\">\n\t\n\n<div class=\"col-12 col-md-12\">\n\t\t\t\t<\/div>\n\n<\/div>\n\n\n\n\n<div id=\"articles-loop-block-block_b776d93e40d7c465197f1149d03954f1\" class=\"articles-loop container articles-loop-block\">\n    <div class=\"row justify-content-center\">\n\n    <h2>Examples of customer story videos we\u2019ve produced<\/h2>\n                <div class=\"story col-md-4 col-s-12\">\n                <div class=\"article-image\"><a href=\"https:\/\/yrityksille.kokemuksia.fi\/en\/customer-stories\/pipelife-oy-the-pouttu-fishway-project\/\"><img decoding=\"async\" width=\"615\" height=\"410\" src=\"https:\/\/yrityksille.kokemuksia.fi\/wp-content\/uploads\/2023\/03\/pipelife-kalatie-3-1-1-615x410.jpg\" class=\"attachment-featured-image-medium size-featured-image-medium wp-post-image\" alt=\"\" \/><\/a>\n                                <\/div>\n                <h3><a href=\"https:\/\/yrityksille.kokemuksia.fi\/en\/customer-stories\/pipelife-oy-the-pouttu-fishway-project\/\">Pipelife Oy \u2013 The Pouttu Fishway Project<\/a><\/h3>\n                <div class=\"article-content\">\n                    The new Pouttu fishway enables migratory fish to bypass the dam A new fishway has&hellip;                <\/div>\n            <\/div>\n                        <div class=\"story col-md-4 col-s-12\">\n                <div class=\"article-image\"><a href=\"https:\/\/yrityksille.kokemuksia.fi\/en\/customer-stories\/leguan-lifts-case-gaart-beem\/\"><img decoding=\"async\" width=\"615\" height=\"410\" src=\"https:\/\/yrityksille.kokemuksia.fi\/wp-content\/uploads\/2023\/03\/LeguanLifts-PiaiaGaart_Bem_photo1-615x410.jpg\" class=\"attachment-featured-image-medium size-featured-image-medium wp-post-image\" alt=\"\" \/><\/a>\n                                <a class=\"foobox\" href=\"https:\/\/youtu.be\/snpY0FIp1t0\"><div class=\"article__video-icon\"><\/div><\/a>\n                                <\/div>\n                <h3><a href=\"https:\/\/yrityksille.kokemuksia.fi\/en\/customer-stories\/leguan-lifts-case-gaart-beem\/\">Leguan Lifts &#8211; Case Gaart &#038; Beem Luxembourg<\/a><\/h3>\n                <div class=\"article-content\">\n                    \u201cIt is perfect for this job\u201d When doing tree care, it is critical to have&hellip;                <\/div>\n            <\/div>\n                <\/div>\n<\/div>\n\n<input class=\"fooboxshare_post_id\" type=\"hidden\" value=\"4592\"\/>","protected":false},"excerpt":{"rendered":"","protected":false},"author":1,"featured_media":0,"parent":0,"menu_order":0,"comment_status":"closed","ping_status":"closed","template":"page-fullwidth.php","meta":{"_acf_changed":false,"_improvement_type_select":"improve_an_existing","_thumb_yes_seoaic":false,"_frame_yes_seoaic":false,"seoaic_generate_description":"","seoaic_improve_instructions_prompt":"","seoaic_rollback_content_improvement":"","seoaic_idea_thumbnail_generator":"","thumbnail_generated":false,"thumbnail_generate_prompt":"","seoaic_article_description":"","inline_featured_image":false,"footnotes":""},"class_list":["post-4592","page","type-page","status-publish","hentry"],"acf":[],"yoast_head":"<!-- This site is optimized with the Yoast SEO plugin v27.4 - https:\/\/yoast.com\/product\/yoast-seo-wordpress\/ -->\n<title>Customer Stories - Kokemuksia.fi yrityksille<\/title>\n<meta name=\"description\" content=\"Asiakastarinat ovat tehokas tapa lis\u00e4t\u00e4 br\u00e4ndisi luotettavuutta. Lue miksi asiakastarinoita kannattaa hy\u00f6dynt\u00e4\u00e4 yrityksen markkinoinnissa.\" \/>\n<meta name=\"robots\" content=\"index, follow, max-snippet:-1, max-image-preview:large, max-video-preview:-1\" \/>\n<link rel=\"canonical\" href=\"https:\/\/yrityksille.kokemuksia.fi\/en\/customer-stories\/\" \/>\n<meta property=\"og:locale\" content=\"en_US\" \/>\n<meta property=\"og:type\" content=\"article\" \/>\n<meta property=\"og:title\" content=\"Customer Stories - Kokemuksia.fi yrityksille\" \/>\n<meta property=\"og:description\" content=\"Asiakastarinat ovat tehokas tapa lis\u00e4t\u00e4 br\u00e4ndisi luotettavuutta. Lue miksi asiakastarinoita kannattaa hy\u00f6dynt\u00e4\u00e4 yrityksen markkinoinnissa.\" \/>\n<meta property=\"og:url\" content=\"https:\/\/yrityksille.kokemuksia.fi\/en\/customer-stories\/\" \/>\n<meta property=\"og:site_name\" content=\"Kokemuksia.fi yrityksille\" \/>\n<meta property=\"article:modified_time\" content=\"2025-06-18T09:42:24+00:00\" \/>\n<meta property=\"og:image\" content=\"https:\/\/yrityksille.kokemuksia.fi\/wp-content\/uploads\/2023\/04\/asiakastarinat-1.png\" \/>\n\t<meta property=\"og:image:width\" content=\"1165\" \/>\n\t<meta property=\"og:image:height\" content=\"1256\" \/>\n\t<meta property=\"og:image:type\" content=\"image\/png\" \/>\n<meta name=\"twitter:card\" content=\"summary_large_image\" \/>\n<meta name=\"twitter:label1\" content=\"Est. reading time\" \/>\n\t<meta name=\"twitter:data1\" content=\"2 minutes\" \/>\n<script type=\"application\/ld+json\" class=\"yoast-schema-graph\">{\"@context\":\"https:\\\/\\\/schema.org\",\"@graph\":[{\"@type\":\"WebPage\",\"@id\":\"https:\\\/\\\/yrityksille.kokemuksia.fi\\\/en\\\/customer-stories\\\/\",\"url\":\"https:\\\/\\\/yrityksille.kokemuksia.fi\\\/en\\\/customer-stories\\\/\",\"name\":\"Customer Stories - Kokemuksia.fi yrityksille\",\"isPartOf\":{\"@id\":\"https:\\\/\\\/yrityksille.kokemuksia.fi\\\/en\\\/#website\"},\"primaryImageOfPage\":{\"@id\":\"https:\\\/\\\/yrityksille.kokemuksia.fi\\\/en\\\/customer-stories\\\/#primaryimage\"},\"image\":{\"@id\":\"https:\\\/\\\/yrityksille.kokemuksia.fi\\\/en\\\/customer-stories\\\/#primaryimage\"},\"thumbnailUrl\":\"https:\\\/\\\/yrityksille.kokemuksia.fi\\\/wp-content\\\/uploads\\\/2023\\\/04\\\/asiakastarinat-1-950x1024.png\",\"datePublished\":\"2023-03-21T09:15:07+00:00\",\"dateModified\":\"2025-06-18T09:42:24+00:00\",\"description\":\"Asiakastarinat ovat tehokas tapa lis\u00e4t\u00e4 br\u00e4ndisi luotettavuutta. Lue miksi asiakastarinoita kannattaa hy\u00f6dynt\u00e4\u00e4 yrityksen markkinoinnissa.\",\"breadcrumb\":{\"@id\":\"https:\\\/\\\/yrityksille.kokemuksia.fi\\\/en\\\/customer-stories\\\/#breadcrumb\"},\"inLanguage\":\"en-US\",\"potentialAction\":[{\"@type\":\"ReadAction\",\"target\":[\"https:\\\/\\\/yrityksille.kokemuksia.fi\\\/en\\\/customer-stories\\\/\"]}]},{\"@type\":\"ImageObject\",\"inLanguage\":\"en-US\",\"@id\":\"https:\\\/\\\/yrityksille.kokemuksia.fi\\\/en\\\/customer-stories\\\/#primaryimage\",\"url\":\"https:\\\/\\\/yrityksille.kokemuksia.fi\\\/wp-content\\\/uploads\\\/2023\\\/04\\\/asiakastarinat-1-950x1024.png\",\"contentUrl\":\"https:\\\/\\\/yrityksille.kokemuksia.fi\\\/wp-content\\\/uploads\\\/2023\\\/04\\\/asiakastarinat-1-950x1024.png\"},{\"@type\":\"BreadcrumbList\",\"@id\":\"https:\\\/\\\/yrityksille.kokemuksia.fi\\\/en\\\/customer-stories\\\/#breadcrumb\",\"itemListElement\":[{\"@type\":\"ListItem\",\"position\":1,\"name\":\"Home\",\"item\":\"https:\\\/\\\/yrityksille.kokemuksia.fi\\\/en\\\/\"},{\"@type\":\"ListItem\",\"position\":2,\"name\":\"Customer Stories\"}]},{\"@type\":\"WebSite\",\"@id\":\"https:\\\/\\\/yrityksille.kokemuksia.fi\\\/en\\\/#website\",\"url\":\"https:\\\/\\\/yrityksille.kokemuksia.fi\\\/en\\\/\",\"name\":\"Kokemuksia.fi yrityksille\",\"description\":\"Kokemuksia.fi toteuttaa korkealaatuisia ja aitoja asiakastarinoita yritysten todennetuista asiakkaista.\",\"publisher\":{\"@id\":\"https:\\\/\\\/yrityksille.kokemuksia.fi\\\/en\\\/#organization\"},\"potentialAction\":[{\"@type\":\"SearchAction\",\"target\":{\"@type\":\"EntryPoint\",\"urlTemplate\":\"https:\\\/\\\/yrityksille.kokemuksia.fi\\\/en\\\/?s={search_term_string}\"},\"query-input\":{\"@type\":\"PropertyValueSpecification\",\"valueRequired\":true,\"valueName\":\"search_term_string\"}}],\"inLanguage\":\"en-US\"},{\"@type\":\"Organization\",\"@id\":\"https:\\\/\\\/yrityksille.kokemuksia.fi\\\/en\\\/#organization\",\"name\":\"Kokemuksia.fi\",\"url\":\"https:\\\/\\\/yrityksille.kokemuksia.fi\\\/en\\\/\",\"logo\":{\"@type\":\"ImageObject\",\"inLanguage\":\"en-US\",\"@id\":\"https:\\\/\\\/yrityksille.kokemuksia.fi\\\/en\\\/#\\\/schema\\\/logo\\\/image\\\/\",\"url\":\"https:\\\/\\\/yrityksille.kokemuksia.fi\\\/wp-content\\\/uploads\\\/2023\\\/03\\\/logo.svg\",\"contentUrl\":\"https:\\\/\\\/yrityksille.kokemuksia.fi\\\/wp-content\\\/uploads\\\/2023\\\/03\\\/logo.svg\",\"width\":1,\"height\":1,\"caption\":\"Kokemuksia.fi\"},\"image\":{\"@id\":\"https:\\\/\\\/yrityksille.kokemuksia.fi\\\/en\\\/#\\\/schema\\\/logo\\\/image\\\/\"},\"sameAs\":[\"https:\\\/\\\/www.linkedin.com\\\/company\\\/kokemuksia-fi\\\/\",\"https:\\\/\\\/www.youtube.com\\\/@kokemuksiafi\"]}]}<\/script>\n<!-- \/ Yoast SEO plugin. -->","yoast_head_json":{"title":"Customer Stories - Kokemuksia.fi yrityksille","description":"Asiakastarinat ovat tehokas tapa lis\u00e4t\u00e4 br\u00e4ndisi luotettavuutta. Lue miksi asiakastarinoita kannattaa hy\u00f6dynt\u00e4\u00e4 yrityksen markkinoinnissa.","robots":{"index":"index","follow":"follow","max-snippet":"max-snippet:-1","max-image-preview":"max-image-preview:large","max-video-preview":"max-video-preview:-1"},"canonical":"https:\/\/yrityksille.kokemuksia.fi\/en\/customer-stories\/","og_locale":"en_US","og_type":"article","og_title":"Customer Stories - Kokemuksia.fi yrityksille","og_description":"Asiakastarinat ovat tehokas tapa lis\u00e4t\u00e4 br\u00e4ndisi luotettavuutta. Lue miksi asiakastarinoita kannattaa hy\u00f6dynt\u00e4\u00e4 yrityksen markkinoinnissa.","og_url":"https:\/\/yrityksille.kokemuksia.fi\/en\/customer-stories\/","og_site_name":"Kokemuksia.fi yrityksille","article_modified_time":"2025-06-18T09:42:24+00:00","og_image":[{"width":1165,"height":1256,"url":"https:\/\/yrityksille.kokemuksia.fi\/wp-content\/uploads\/2023\/04\/asiakastarinat-1.png","type":"image\/png"}],"twitter_card":"summary_large_image","twitter_misc":{"Est. reading time":"2 minutes"},"schema":{"@context":"https:\/\/schema.org","@graph":[{"@type":"WebPage","@id":"https:\/\/yrityksille.kokemuksia.fi\/en\/customer-stories\/","url":"https:\/\/yrityksille.kokemuksia.fi\/en\/customer-stories\/","name":"Customer Stories - Kokemuksia.fi yrityksille","isPartOf":{"@id":"https:\/\/yrityksille.kokemuksia.fi\/en\/#website"},"primaryImageOfPage":{"@id":"https:\/\/yrityksille.kokemuksia.fi\/en\/customer-stories\/#primaryimage"},"image":{"@id":"https:\/\/yrityksille.kokemuksia.fi\/en\/customer-stories\/#primaryimage"},"thumbnailUrl":"https:\/\/yrityksille.kokemuksia.fi\/wp-content\/uploads\/2023\/04\/asiakastarinat-1-950x1024.png","datePublished":"2023-03-21T09:15:07+00:00","dateModified":"2025-06-18T09:42:24+00:00","description":"Asiakastarinat ovat tehokas tapa lis\u00e4t\u00e4 br\u00e4ndisi luotettavuutta. Lue miksi asiakastarinoita kannattaa hy\u00f6dynt\u00e4\u00e4 yrityksen markkinoinnissa.","breadcrumb":{"@id":"https:\/\/yrityksille.kokemuksia.fi\/en\/customer-stories\/#breadcrumb"},"inLanguage":"en-US","potentialAction":[{"@type":"ReadAction","target":["https:\/\/yrityksille.kokemuksia.fi\/en\/customer-stories\/"]}]},{"@type":"ImageObject","inLanguage":"en-US","@id":"https:\/\/yrityksille.kokemuksia.fi\/en\/customer-stories\/#primaryimage","url":"https:\/\/yrityksille.kokemuksia.fi\/wp-content\/uploads\/2023\/04\/asiakastarinat-1-950x1024.png","contentUrl":"https:\/\/yrityksille.kokemuksia.fi\/wp-content\/uploads\/2023\/04\/asiakastarinat-1-950x1024.png"},{"@type":"BreadcrumbList","@id":"https:\/\/yrityksille.kokemuksia.fi\/en\/customer-stories\/#breadcrumb","itemListElement":[{"@type":"ListItem","position":1,"name":"Home","item":"https:\/\/yrityksille.kokemuksia.fi\/en\/"},{"@type":"ListItem","position":2,"name":"Customer Stories"}]},{"@type":"WebSite","@id":"https:\/\/yrityksille.kokemuksia.fi\/en\/#website","url":"https:\/\/yrityksille.kokemuksia.fi\/en\/","name":"Kokemuksia.fi yrityksille","description":"Kokemuksia.fi toteuttaa korkealaatuisia ja aitoja asiakastarinoita yritysten todennetuista asiakkaista.","publisher":{"@id":"https:\/\/yrityksille.kokemuksia.fi\/en\/#organization"},"potentialAction":[{"@type":"SearchAction","target":{"@type":"EntryPoint","urlTemplate":"https:\/\/yrityksille.kokemuksia.fi\/en\/?s={search_term_string}"},"query-input":{"@type":"PropertyValueSpecification","valueRequired":true,"valueName":"search_term_string"}}],"inLanguage":"en-US"},{"@type":"Organization","@id":"https:\/\/yrityksille.kokemuksia.fi\/en\/#organization","name":"Kokemuksia.fi","url":"https:\/\/yrityksille.kokemuksia.fi\/en\/","logo":{"@type":"ImageObject","inLanguage":"en-US","@id":"https:\/\/yrityksille.kokemuksia.fi\/en\/#\/schema\/logo\/image\/","url":"https:\/\/yrityksille.kokemuksia.fi\/wp-content\/uploads\/2023\/03\/logo.svg","contentUrl":"https:\/\/yrityksille.kokemuksia.fi\/wp-content\/uploads\/2023\/03\/logo.svg","width":1,"height":1,"caption":"Kokemuksia.fi"},"image":{"@id":"https:\/\/yrityksille.kokemuksia.fi\/en\/#\/schema\/logo\/image\/"},"sameAs":["https:\/\/www.linkedin.com\/company\/kokemuksia-fi\/","https:\/\/www.youtube.com\/@kokemuksiafi"]}]}},"_links":{"self":[{"href":"https:\/\/yrityksille.kokemuksia.fi\/en\/wp-json\/wp\/v2\/pages\/4592","targetHints":{"allow":["GET"]}}],"collection":[{"href":"https:\/\/yrityksille.kokemuksia.fi\/en\/wp-json\/wp\/v2\/pages"}],"about":[{"href":"https:\/\/yrityksille.kokemuksia.fi\/en\/wp-json\/wp\/v2\/types\/page"}],"author":[{"embeddable":true,"href":"https:\/\/yrityksille.kokemuksia.fi\/en\/wp-json\/wp\/v2\/users\/1"}],"replies":[{"embeddable":true,"href":"https:\/\/yrityksille.kokemuksia.fi\/en\/wp-json\/wp\/v2\/comments?post=4592"}],"version-history":[{"count":2,"href":"https:\/\/yrityksille.kokemuksia.fi\/en\/wp-json\/wp\/v2\/pages\/4592\/revisions"}],"predecessor-version":[{"id":4652,"href":"https:\/\/yrityksille.kokemuksia.fi\/en\/wp-json\/wp\/v2\/pages\/4592\/revisions\/4652"}],"wp:attachment":[{"href":"https:\/\/yrityksille.kokemuksia.fi\/en\/wp-json\/wp\/v2\/media?parent=4592"}],"curies":[{"name":"wp","href":"https:\/\/api.w.org\/{rel}","templated":true}]}}